{"id":3,"date":"2024-05-08T16:53:33","date_gmt":"2024-05-08T16:53:33","guid":{"rendered":"https:\/\/woodnsteel.net\/?page_id=3"},"modified":"2024-07-08T16:11:28","modified_gmt":"2024-07-08T16:11:28","slug":"privacy-policy","status":"publish","type":"page","link":"https:\/\/woodnsteel.net\/index.php\/privacy-policy\/","title":{"rendered":"Datenschutzerkl\u00e4rung"},"content":{"rendered":"\n<p>Diese Datenschutzerkl\u00e4rung kl\u00e4rt Nutzer \u00fcber die Art, den Umfang und Zwecke der Erhebung und Verwendung personenbezogener Daten durch den verantwortlichen Anbieter Klaas Thomalla, Eckbusch 6, 28790 Schwanewede\/Meyenburg, Mail: klaas.thomalla@web.de&nbsp;auf dieser Website www.woodnsteel.net (im folgenden \u201cWebsite\u201d) auf.<\/p>\n\n\n\n<p>Ich messe dem Datenschutz gro\u00dfe Bedeutung bei. Die Erhebung und Verarbeitung Ihrer personenbezogenen Daten geschieht unter Beachtung der geltenden datenschutzrechtlichen Vorschriften, insbesondere der Datenschutzgrundverordnung (DSGVO).<\/p>\n\n\n\n<h3 class=\"wp-block-heading\">Verantwortlicher<\/h3>\n\n\n\n<p>Verantwortlicher f\u00fcr die Erhebung, Verarbeitung und Nutzung Ihrer personenbezogenen Daten im Sinne von Art. 4 Nr. 7 DSGVO ist<\/p>\n\n\n\n<p>Klaas Thomalla<br>Eckbusch 6<br>28790 Schwanewede\/Meyenburg<br>Mail: klaas.thomalla@web.de<\/p>\n\n\n\n<p>Sofern Sie der Erhebung, Verarbeitung oder Nutzung Ihrer Daten durch uns nach Ma\u00dfgabe dieser Datenschutzbestimmungen insgesamt oder f\u00fcr einzelne Ma\u00dfnahmen widersprechen wollen, k\u00f6nnen Sie Ihren Widerspruch an den Verantwortlichen richten.<\/p>\n\n\n\n<p>Sie k\u00f6nnen diese Datenschutzerkl\u00e4rung jederzeit speichern und ausdrucken.<\/p>\n\n\n\n<h3 class=\"wp-block-heading\">Allgemeine Zwecke der Verarbeitung<\/h3>\n\n\n\n<p>Wir verwenden personenbezogene Daten ausschlie\u00dflich zum Zweck des Betriebs der Website und zum Versenden von von Ihnen bestellten Artikeln.<\/p>\n\n\n\n<h3 class=\"wp-block-heading\">Welche Daten ich verwende und warum<\/h3>\n\n\n\n<h4 class=\"wp-block-heading\">Hosting<\/h4>\n\n\n\n<p>Die von mir in Anspruch genommenen Hosting-Leistungen dienen der Zurverf\u00fcgungstellung der folgenden Leistungen: Infrastruktur- und Plattformdienstleistungen, Rechenkapazit\u00e4t, Speicherplatz und Datenbankdienste, Sicherheitsleistungen sowie technische Wartungsleistungen, die ich zum Zweck des Betriebs der Website einsetze.<\/p>\n\n\n\n<p>Hierbei verarbeite ich, bzw. unser Hostinganbieter, Bestandsdaten, Kontaktdaten, Inhaltsdaten, Vertragsdaten, Nutzungsdaten, Meta- und Kommunikationsdaten von Kunden, Interessenten und Besuchern dieser Website auf Grundlage meiner berechtigten Interessen an einer effizienten und sicheren Zurverf\u00fcgungstellung meiner Website gem. Art. 6 Abs. 1 S. 1 f) DSGVO i.V.m. Art. 28 DSGVO.<\/p>\n\n\n\n<h4 class=\"wp-block-heading\">Zugriffsdaten<\/h4>\n\n\n\n<p>Ich sammel Informationen \u00fcber Sie, wenn Sie diese Website nutzen. Ich erfasse automatisch Informationen \u00fcber Ihr Nutzungsverhalten und Ihre Interaktion mit meiner Website und registriere Daten zu Ihrem Computer oder Mobilger\u00e4t. Ich erhebe, speichere und nutze Daten \u00fcber jeden Zugriff auf meiner Website (sogenannte Serverlogfiles). Zu den Zugriffsdaten geh\u00f6ren:<\/p>\n\n\n\n<ul class=\"wp-block-list\">\n<li>Name und URL der abgerufenen Datei<\/li>\n\n\n\n<li>Datum und Uhrzeit des Abrufs<\/li>\n\n\n\n<li>\u00fcbertragene Datenmenge<\/li>\n\n\n\n<li>Meldung \u00fcber erfolgreichen Abruf (HTTP response code)<\/li>\n\n\n\n<li>Browsertyp und Browserversion<\/li>\n\n\n\n<li>Betriebssystem<\/li>\n\n\n\n<li>Referer URL (d.h. die zuvor besuchte Seite)<\/li>\n\n\n\n<li>Websites, die vom System des Nutzers \u00fcber unsere Website aufgerufen werden<\/li>\n\n\n\n<li>Internet-Service-Provider des Nutzers<\/li>\n\n\n\n<li>IP-Adresse und der anfragende Provider<\/li>\n<\/ul>\n\n\n\n<p>Ich nutze diese Protokolldaten ohne Zuordnung zu Ihrer Person oder sonstiger Profilerstellung f\u00fcr statistische Auswertungen zum Zweck des Betriebs, der Sicherheit und der Optimierung meiner Website, aber auch zur anonymen Erfassung der Anzahl der Besucher auf meiner Website (traffic) sowie zum Umfang und zur Art der Nutzung meiner Website und Dienste, ebenso zu Abrechnungszwecken, um die Anzahl der von Kooperationspartnern erhaltenen Clicks zu messen. Aufgrund dieser Informationen kann ich personalisierte und standortbezogene Inhalte zur Verf\u00fcgung stellen und den Datenverkehr analysieren, Fehler suchen und beheben und meine Dienste verbessern.<\/p>\n\n\n\n<p>Hierin liegt auch mein berechtigtes Interesse gem\u00e4\u00df Art 6 Abs. 1 S. 1 f) DSGVO.<\/p>\n\n\n\n<p>Ich behalte mir vor, die Protokolldaten nachtr\u00e4glich zu \u00fcberpr\u00fcfen, wenn aufgrund konkreter Anhaltspunkte der berechtigte Verdacht einer rechtswidrigen Nutzung besteht. IP-Adressen speichere ich f\u00fcr einen begrenzten Zeitraum in den Logfiles, wenn dies f\u00fcr Sicherheitszwecke erforderlich oder f\u00fcr die Leistungserbringung oder die Abrechnung einer Leistung n\u00f6tig ist, z. B. wenn Sie eines meiner Angebote nutzen. Nach Abbruch des Vorgangs der Bestellung oder nach Zahlungseingang l\u00f6sche ich die IP-Adresse, wenn diese f\u00fcr Sicherheitszwecke nicht mehr erforderlich ist. IP-Adressen speichere ich auch dann, wenn ich den konkreten Verdacht einer Straftat im Zusammenhang mit der Nutzung meiner Website habe. Au\u00dferdem speichere ich als Teil Ihres Accounts das Datum Ihres letzten Besuchs (z.B. bei Registrierung, Login, Klicken von Links etc.).<\/p>\n\n\n\n<h4 class=\"wp-block-heading\">Cookies<\/h4>\n\n\n\n<p>Ich verwende sogenannte Session-Cookies, um meine Website zu optimieren. Ein Session-Cookie ist eine kleine Textdatei, die von den jeweiligen Servern beim Besuch einer Internetseite verschickt und auf Ihrer Festplatte zwischengespeichert wird. Diese Datei als solche enth\u00e4lt eine sogenannte Session-ID, mit welcher sich verschiedene Anfragen Ihres Browsers der gemeinsamen Sitzung zuordnen lassen. Dadurch kann Ihr Rechner wiedererkannt werden, wenn Sie auf meine Website zur\u00fcckkehren. Diese Cookies werden gel\u00f6scht, nachdem Sie Ihren Browser schlie\u00dfen. Sie dienen z. B. dazu, dass Sie die Warenkorbfunktion \u00fcber mehrere Seiten hinweg nutzen k\u00f6nnen.<\/p>\n\n\n\n<p>Ich verwende in geringem Umfang auch persistente Cookies (ebenfalls kleine Textdateien, die auf Ihrem Endger\u00e4t abgelegt werden), die auf Ihrem Endger\u00e4t verbleiben und es mir erm\u00f6glichen, Ihren Browser beim n\u00e4chsten Besuch wiederzuerkennen. Diese Cookies werden auf Ihrer Festplatte gespeichert und l\u00f6schen sich nach der vorgegebenen Zeit von allein. Ihre Lebensdauer betr\u00e4gt 1 Monat bis 10 Jahre. So kann ich Ihnen mein Angebot nutzerfreundlicher, effektiver und sicherer pr\u00e4sentieren und Ihnen beispielsweise speziell auf Ihre Interessen abgestimmte Informationen auf der Seite anzeigen.<\/p>\n\n\n\n<p>Mein berechtigtes Interesse an der Nutzung der Cookies gem\u00e4\u00df Art 6 Abs. 1 S. 1 f) DSGVO liegt darin, meine Website nutzerfreundlicher, effektiver und sicherer zu machen.<\/p>\n\n\n\n<p>In den Cookies werden etwa folgende Daten und Informationen gespeichert:<\/p>\n\n\n\n<ul class=\"wp-block-list\">\n<li>Log-In-Informationen<\/li>\n\n\n\n<li>Spracheinstellungen<\/li>\n\n\n\n<li>eingegebene Suchbegriffe<\/li>\n\n\n\n<li>Informationen \u00fcber die Anzahl der Aufrufe meiner Website sowie Nutzung einzelner Funktionen meines Internetauftritts.<\/li>\n<\/ul>\n\n\n\n<p>Bei Aktivierung des Cookies wird diesem eine Identifikationsnummer zugewiesen und eine Zuordnung Ihrer personenbezogenen Daten zu dieser Identifikationsnummer wird nicht vorgenommen. Ihr Name, Ihre IP-Adresse oder \u00e4hnliche Daten, die eine Zuordnung des Cookies zu Ihnen erm\u00f6glichen w\u00fcrden, werden nicht in den Cookie eingelegt. Auf Basis der Cookie-Technologie erhalte ich lediglich pseudonymisierte Informationen, beispielsweise dar\u00fcber, welche Seiten unseres Shops besucht wurden, welche Produkte angesehen wurden, etc.<\/p>\n\n\n\n<p>Sie k\u00f6nnen Ihren Browser so einstellen, dass Sie \u00fcber das Setzen von Cookies vorab informiert werden und im Einzelfall entscheiden k\u00f6nnen, ob Sie die Annahme von Cookies f\u00fcr bestimmte F\u00e4lle oder generell ausschlie\u00dfen, oder dass Cookies komplett verhindert werden. Dadurch kann die Funktionalit\u00e4t der Website eingeschr\u00e4nkt werden.<\/p>\n\n\n\n<h4 class=\"wp-block-heading\">E-Mail Kontakt<\/h4>\n\n\n\n<p>Wenn Sie mit mir in Kontakt treten (z. B. per Kontaktformular oder E-Mail), verarbeite ich Ihre Angaben zur Bearbeitung der Anfrage sowie f\u00fcr den Fall, dass Anschlussfragen entstehen.<\/p>\n\n\n\n<p>Erfolgt die Datenverarbeitung zur Durchf\u00fchrung vorvertraglicher Ma\u00dfnahmen, die auf Ihre Anfrage hin erfolgen, bzw., wenn Sie bereits mein Kunde sind, zur Durchf\u00fchrung des Vertrages, ist Rechtsgrundlage f\u00fcr diese Datenverarbeitung Art. 6 Abs. 1 S. 1 b) DSGVO.<\/p>\n\n\n\n<p>Weitere personenbezogene Daten verarbeite ich nur, wenn Sie dazu einwilligen (Art. 6 Abs. 1 S. 1 a) DSGVO) oder ich ein berechtigtes Interesse an der Verarbeitung Ihrer Daten habe (Art. 6 Abs. 1 S. 1 f) DSGVO). Ein berechtigtes Interesse liegt z. B. darin, auf Ihre E-Mail zu antworten.<\/p>\n\n\n\n<h4 class=\"wp-block-heading\">Einbindung von Diensten und Inhalten Dritter<\/h4>\n\n\n\n<p>Es kann vorkommen, dass innerhalb dieses Onlineangebotes Inhalte Dritter, wie zum Beispiel Videos von YouTube, Kartenmaterial von Google-Maps, RSS-Feeds oder Grafiken von anderen Webseiten eingebunden werden. Dies setzt immer voraus, dass die Anbieter dieser Inhalte (nachfolgend bezeichnet als \u201cDritt-Anbieter\u201d) die IP-Adresse der Nutzer wahr nehmen. Denn ohne die IP-Adresse, k\u00f6nnten sie die Inhalte nicht an den Browser des jeweiligen Nutzers senden. Die IP-Adresse ist damit f\u00fcr die Darstellung dieser Inhalte erforderlich. Wir bem\u00fchen uns nur solche Inhalte zu verwenden, deren jeweilige Anbieter die IP-Adresse lediglich zur Auslieferung der Inhalte verwenden. Jedoch haben wir keinen Einfluss darauf, falls die Dritt-Anbieter die IP-Adresse z.B. f\u00fcr statistische Zwecke speichern. Soweit dies uns bekannt ist, kl\u00e4ren wir die Nutzer dar\u00fcber auf.<\/p>\n\n\n\n<h3 class=\"wp-block-heading\">Speicherdauer<\/h3>\n\n\n\n<p>Sofern nicht spezifisch angegeben speichere ich personenbezogene Daten nur so lange, wie dies zur Erf\u00fcllung der verfolgten Zwecke notwendig ist.<\/p>\n\n\n\n<p>In einigen F\u00e4llen sieht der Gesetzgeber die Aufbewahrung von personenbezogenen Daten vor, etwa im Steuer- oder Handelsrecht. In diesen F\u00e4llen werden die Daten von mir lediglich f\u00fcr diese gesetzlichen Zwecke weiter gespeichert, aber nicht anderweitig verarbeitet und nach Ablauf der gesetzlichen Aufbewahrungsfrist gel\u00f6scht.<\/p>\n\n\n\n<h3 class=\"wp-block-heading\">Ihre Rechte als von der Datenverarbeitung Betroffener<\/h3>\n\n\n\n<p>Nach den anwendbaren Gesetzen haben Sie verschiedene Rechte bez\u00fcglich Ihrer personenbezogenen Daten. M\u00f6chten Sie diese Rechte geltend machen, so richten Sie Ihre Anfrage bitte per E-Mail oder per Post unter eindeutiger Identifizierung Ihrer Person an die in Ziffer 1 genannte Adresse.<\/p>\n\n\n\n<p>Nachfolgend finden Sie eine \u00dcbersicht \u00fcber Ihre Rechte.<\/p>\n\n\n\n<h4 class=\"wp-block-heading\">Recht auf Best\u00e4tigung und Auskunft<\/h4>\n\n\n\n<p>Sie haben das Recht auf eine \u00fcbersichtliche Auskunft \u00fcber die Verarbeitung Ihrer personenbezogenen Daten.<\/p>\n\n\n\n<p>Im Einzelnen:<\/p>\n\n\n\n<p>Sie haben jederzeit das Recht, von mir eine Best\u00e4tigung dar\u00fcber zu erhalten, ob Sie betreffende personenbezogene Daten verarbeitet werden. Ist dies der Fall, so haben Sie das Recht, von mir eine unentgeltliche Auskunft \u00fcber die zu Ihnen gespeicherten personenbezogenen Daten nebst einer Kopie dieser Daten zu verlangen. Des Weiteren besteht ein Recht auf folgende Informationen:<\/p>\n\n\n\n<ol class=\"wp-block-list\">\n<li>die Verarbeitungszwecke;<\/li>\n\n\n\n<li>die Kategorien personenbezogener Daten, die verarbeitet werden;<\/li>\n\n\n\n<li>die Empf\u00e4nger oder Kategorien von Empf\u00e4ngern, gegen\u00fcber denen die personenbezogenen Daten offengelegt worden sind oder noch offengelegt werden, insbesondere bei Empf\u00e4ngern in Drittl\u00e4ndern oder bei internationalen Organisationen;<\/li>\n\n\n\n<li>falls m\u00f6glich, die geplante Dauer, f\u00fcr die die personenbezogenen Daten gespeichert werden, oder, falls dies nicht m\u00f6glich ist, die Kriterien f\u00fcr die Festlegung dieser Dauer;<\/li>\n\n\n\n<li>das Bestehen eines Rechts auf Berichtigung oder L\u00f6schung der Sie betreffenden personenbezogenen Daten oder auf Einschr\u00e4nkung der Verarbeitung durch den Verantwortlichen oder eines Widerspruchsrechts gegen diese Verarbeitung;<\/li>\n\n\n\n<li>das Bestehen eines Beschwerderechts bei einer Aufsichtsbeh\u00f6rde;<\/li>\n\n\n\n<li>wenn die personenbezogenen Daten nicht bei Ihnen erhoben werden, alle verf\u00fcgbaren Informationen \u00fcber die Herkunft der Daten;<\/li>\n\n\n\n<li>das Bestehen einer automatisierten Entscheidungsfindung einschlie\u00dflich Profiling gem\u00e4\u00df Art. 22 Abs. 1 und 4 DSGVO und \u2013 zumindest in diesen F\u00e4llen \u2013 aussagekr\u00e4ftige Informationen \u00fcber die involvierte Logik sowie die Tragweite und die angestrebten Auswirkungen einer derartigen Verarbeitung f\u00fcr Sie.<\/li>\n<\/ol>\n\n\n\n<p>Werden personenbezogene Daten an ein Drittland oder an eine internationale Organisation \u00fcbermittelt, so haben Sie das Recht, \u00fcber die geeigneten Garantien gem\u00e4\u00df Art. 46 DSGVO im Zusammenhang mit der \u00dcbermittlung unterrichtet zu werden.<\/p>\n\n\n\n<h4 class=\"wp-block-heading\">Recht auf Berichtigung<\/h4>\n\n\n\n<p>Sie haben das Recht, von mir die Berichtigung und ggf. auch Vervollst\u00e4ndigung Sie betreffender personenbezogener Daten zu verlangen.<\/p>\n\n\n\n<p>Im Einzelnen:<\/p>\n\n\n\n<p>Sie haben das Recht, von mir unverz\u00fcglich die Berichtigung Sie betreffender unrichtiger personenbezogener Daten zu verlangen. Unter Ber\u00fccksichtigung der Zwecke der Verarbeitung haben Sie das Recht, die Vervollst\u00e4ndigung unvollst\u00e4ndiger personenbezogener Daten \u2013 auch mittels einer erg\u00e4nzenden Erkl\u00e4rung \u2013 zu verlangen.<\/p>\n\n\n\n<h4 class=\"wp-block-heading\">Recht auf L\u00f6schung (\u201eRecht auf Vergessenwerden\u201c)<\/h4>\n\n\n\n<p>In einer Reihe von F\u00e4llen bin ich verpflichtet, Sie betreffende personenbezogene Daten zu l\u00f6schen.<\/p>\n\n\n\n<p>Im Einzelnen:<\/p>\n\n\n\n<p>Sie haben gem\u00e4\u00df Art. 17 Abs. 1 DSGVO das Recht, von mir zu verlangen, dass Sie betreffende personenbezogene Daten unverz\u00fcglich gel\u00f6scht werden, und ich bin verpflichtet, personenbezogene Daten unverz\u00fcglich zu l\u00f6schen, sofern einer der folgenden Gr\u00fcnde zutrifft:<\/p>\n\n\n\n<ol class=\"wp-block-list\">\n<li>Die personenbezogenen Daten sind f\u00fcr die Zwecke, f\u00fcr die sie erhoben oder auf sonstige Weise verarbeitet wurden, nicht mehr notwendig.<\/li>\n\n\n\n<li>Sie widerrufen Ihre Einwilligung, auf die sich die Verarbeitung gem\u00e4\u00df Art. 6 Abs. 1 S. 1 a) DSGVO oder Art. 9 Abs. 2 a) DSGVO st\u00fctzte, und es fehlt an einer anderweitigen Rechtsgrundlage f\u00fcr die Verarbeitung.<\/li>\n\n\n\n<li>Sie legen gem\u00e4\u00df Art. 21 Abs. 1 DSGVO Widerspruch gegen die Verarbeitung ein und es liegen keine vorrangigen berechtigten Gr\u00fcnde f\u00fcr die Verarbeitung vor, oder Sie legen gem\u00e4\u00df Art. 21 Abs. 2 DSGVO Widerspruch gegen die Verarbeitung ein.<\/li>\n\n\n\n<li>Die personenbezogenen Daten wurden unrechtm\u00e4\u00dfig verarbeitet.<\/li>\n\n\n\n<li>Die L\u00f6schung der personenbezogenen Daten ist zur Erf\u00fcllung einer rechtlichen Verpflichtung nach dem Unionsrecht oder dem Recht der Mitgliedstaaten erforderlich, dem ich unterliege.<\/li>\n\n\n\n<li>Die personenbezogenen Daten wurden in Bezug auf angebotene Dienste der Informationsgesellschaft gem\u00e4\u00df Art. 8 Abs. 1 DSGVO erhoben.<\/li>\n<\/ol>\n\n\n\n<p>Habe ich die personenbezogenen Daten \u00f6ffentlich gemacht und bin ich gem\u00e4\u00df Art. 17 Abs. 1 DSGVO zu deren L\u00f6schung verpflichtet, so treffe ich unter Ber\u00fccksichtigung der verf\u00fcgbaren Technologie und der Implementierungskosten angemessene Ma\u00dfnahmen, auch technischer Art, um f\u00fcr die Datenverarbeitung Verantwortliche, die die personenbezogenen Daten verarbeiten, dar\u00fcber zu informieren, dass Sie von ihnen die L\u00f6schung aller Links zu diesen personenbezogenen Daten oder von Kopien oder Replikationen dieser personenbezogenen Daten verlangt haben.<\/p>\n\n\n\n<h4 class=\"wp-block-heading\">Recht auf Einschr\u00e4nkung der Verarbeitung<\/h4>\n\n\n\n<p>In einer Reihe von F\u00e4llen sind Sie berechtigt, von mir eine Einschr\u00e4nkung der Verarbeitung Ihrer personenbezogenen Daten zu verlangen.<\/p>\n\n\n\n<p>Im Einzelnen:<\/p>\n\n\n\n<p>Sie haben das Recht, von mir die Einschr\u00e4nkung der Verarbeitung zu verlangen, wenn eine der folgenden Voraussetzungen gegeben ist:<\/p>\n\n\n\n<ol class=\"wp-block-list\">\n<li>die Richtigkeit der personenbezogenen Daten wird von Ihnen bestritten, und zwar f\u00fcr eine Dauer, die es uns erm\u00f6glicht, die Richtigkeit der personenbezogenen Daten zu \u00fcberpr\u00fcfen,<\/li>\n\n\n\n<li>die Verarbeitung unrechtm\u00e4\u00dfig ist und Sie die L\u00f6schung der personenbezogenen Daten ablehnten und stattdessen die Einschr\u00e4nkung der Nutzung der personenbezogenen Daten verlangt haben;<\/li>\n\n\n\n<li>ich die personenbezogenen Daten f\u00fcr die Zwecke der Verarbeitung nicht l\u00e4nger ben\u00f6tige, Sie die Daten jedoch zur Geltendmachung, Aus\u00fcbung oder Verteidigung von Rechtsanspr\u00fcchen ben\u00f6tigen, oder<\/li>\n\n\n\n<li>Sie Widerspruch gegen die Verarbeitung gem\u00e4\u00df Art. 21 Abs. 1 DSGVO eingelegt haben, solange noch nicht feststeht, ob die berechtigten Gr\u00fcnde meines Unternehmens gegen\u00fcber den Ihren \u00fcberwiegen.<\/li>\n<\/ol>\n\n\n\n<h4 class=\"wp-block-heading\">Recht auf Daten\u00fcbertragbarkeit<\/h4>\n\n\n\n<p>Sie haben das Recht, Sie betreffende personenbezogene Daten maschinenlesbar zu erhalten, zu \u00fcbermitteln, oder von mir \u00fcbermitteln zu lassen.<\/p>\n\n\n\n<p>Im Einzelnen:<\/p>\n\n\n\n<p>Sie haben das Recht, die Sie betreffenden personenbezogenen Daten, die Sie mir bereitgestellt haben, in einem strukturierten, g\u00e4ngigen und maschinenlesbaren Format zu erhalten, und Sie haben das Recht, diese Daten einem anderen Verantwortlichen ohne Behinderung durch uns zu \u00fcbermitteln, sofern<\/p>\n\n\n\n<ol class=\"wp-block-list\">\n<li>die Verarbeitung auf einer Einwilligung gem\u00e4\u00df Art. 6 Abs. 1 S. 1 a) DSGVO oder Art. 9 Abs. 2 a) DSGVO oder auf einem Vertrag gem\u00e4\u00df Art. 6 Abs. 1 S. 1 b) DSGVO beruht und<\/li>\n\n\n\n<li>die Verarbeitung mithilfe automatisierter Verfahren erfolgt.<\/li>\n<\/ol>\n\n\n\n<p>Bei der Aus\u00fcbung Ihres Rechts auf Daten\u00fcbertragbarkeit gem\u00e4\u00df Absatz 1 haben Sie das Recht, zu erwirken, dass die personenbezogenen Daten direkt von mir einem anderen Verantwortlichen \u00fcbermittelt werden, soweit dies technisch machbar ist.<\/p>\n\n\n\n<h4 class=\"wp-block-heading\">Widerspruchsrecht<\/h4>\n\n\n\n<p>Sie haben das Recht, aus einer rechtm\u00e4\u00dfigen Verarbeitung Ihrer personenbezogenen Daten durch mich zu widersprechen, wenn sich dies aus Ihrer besonderen Situation begr\u00fcndet und meine Interessen an der Verarbeitung nicht \u00fcberwiegen.<\/p>\n\n\n\n<p>Im Einzelnen:<\/p>\n\n\n\n<p>Sie haben das Recht, aus Gr\u00fcnden, die sich aus Ihrer besonderen Situation ergeben, jederzeit gegen die Verarbeitung Sie betreffender personenbezogener Daten, die aufgrund von Art. 6 Abs. 1 S. 1 e) oder f) DSGVO erfolgt, Widerspruch einzulegen; dies gilt auch f\u00fcr ein auf diese Bestimmungen gest\u00fctztes Profiling. Ich verarbeite die personenbezogenen Daten nicht mehr, es sei denn, ich kann zwingende schutzw\u00fcrdige Gr\u00fcnde f\u00fcr die Verarbeitung nachweisen, die Ihre Interessen, Rechte und Freiheiten \u00fcberwiegen, oder die Verarbeitung dient der Geltendmachung, Aus\u00fcbung oder Verteidigung von Rechtsanspr\u00fcchen.<\/p>\n\n\n\n<p>Werden personenbezogene Daten von mir verarbeitet, um Direktwerbung zu betreiben, so haben Sie das Recht, jederzeit Widerspruch gegen die Verarbeitung Sie betreffender personenbezogener Daten zum Zwecke derartiger Werbung einzulegen; dies gilt auch f\u00fcr das Profiling, soweit es mit solcher Direktwerbung in Verbindung steht.<\/p>\n\n\n\n<p>Sie haben das Recht, aus Gr\u00fcnden, die sich aus Ihrer besonderen Situation ergeben, gegen die Sie betreffende Verarbeitung Sie betreffender personenbezogener Daten, die zu wissenschaftlichen oder historischen Forschungszwecken oder zu statistischen Zwecken gem\u00e4\u00df Art. 89 Abs. 1 DSGVO erfolgt, Widerspruch einzulegen, es sei denn, die Verarbeitung ist zur Erf\u00fcllung einer im \u00f6ffentlichen Interesse liegenden Aufgabe erforderlich.<\/p>\n\n\n\n<h4 class=\"wp-block-heading\">Automatisierte Entscheidungen einschlie\u00dflich Profiling<\/h4>\n\n\n\n<p>Sie haben das Recht, nicht einer ausschlie\u00dflich auf einer automatisierten Verarbeitung \u2013 einschlie\u00dflich Profiling \u2013 beruhenden Entscheidung unterworfen zu werden, die Ihnen gegen\u00fcber rechtliche Wirkung entfaltet oder Sie in \u00e4hnlicher Weise erheblich beeintr\u00e4chtigt.<\/p>\n\n\n\n<p>Eine automatisierte Entscheidungsfindung auf der Grundlage der erhobenen personenbezogenen Daten findet nicht statt.<\/p>\n\n\n\n<h4 class=\"wp-block-heading\">Recht auf Widerruf einer datenschutzrechtlichen Einwilligung<\/h4>\n\n\n\n<p>Sie haben das Recht, eine Einwilligung zur Verarbeitung personenbezogener Daten jederzeit zu widerrufen.<\/p>\n\n\n\n<h4 class=\"wp-block-heading\">Recht auf Beschwerde bei einer Aufsichtsbeh\u00f6rde<\/h4>\n\n\n\n<p>Sie haben das Recht auf Beschwerde bei einer Aufsichtsbeh\u00f6rde, insbesondere in dem Mitgliedstaat Ihres Aufenthaltsorts, Ihres Arbeitsplatzes oder des Orts des mutma\u00dflichen Versto\u00dfes, wenn Sie der Ansicht sind, dass die Verarbeitung der Sie betreffenden personenbezogenen Daten rechtswidrig ist.<\/p>\n\n\n\n<h3 class=\"wp-block-heading\">Datensicherheit<\/h3>\n\n\n\n<p>Ich bin um die Sicherheit Ihrer Daten im Rahmen der geltenden Datenschutzgesetze und technischen M\u00f6glichkeiten maximal bem\u00fcht.<\/p>\n\n\n\n<p>Ihre pers\u00f6nlichen Daten werden bei mir verschl\u00fcsselt \u00fcbertragen. Dies gilt f\u00fcr Ihre Bestellungen und auch f\u00fcr das Kundenlogin. Ich nutze das Codierungssystem SSL (Secure Socket Layer), weise jedoch darauf hin, dass die Daten\u00fcbertragung im Internet (z.B. bei der Kommunikation per E-Mail) Sicherheitsl\u00fccken aufweisen kann. Ein l\u00fcckenloser Schutz der Daten vor dem Zugriff durch Dritte ist nicht m\u00f6glich.<\/p>\n\n\n\n<p>Zur Sicherung Ihrer Daten unterhalten wir technische und organisatorische Sicherungsma\u00dfnahmen entsprechend Art. 32 DSGVO, die ich immer wieder dem Stand der Technik anpasse.<\/p>\n\n\n\n<p>Ich gew\u00e4hrleiste au\u00dferdem nicht, dass mein Angebot zu bestimmten Zeiten zur Verf\u00fcgung steht; St\u00f6rungen, Unterbrechungen oder Ausf\u00e4lle k\u00f6nnen nicht ausgeschlossen werden. Die von mir verwendeten Server werden regelm\u00e4\u00dfig sorgf\u00e4ltig gesichert.<\/p>\n\n\n\n<h3 class=\"wp-block-heading\">Weitergabe von Daten an Dritte, keine Daten\u00fcbertragung ins Nicht-EU-Ausland<\/h3>\n\n\n\n<p>Grunds\u00e4tzlich verwende ich Ihre personenbezogenen Daten nur innerhalb meines Unternehmens.<\/p>\n\n\n\n<p>Wenn und soweit ich Dritte im Rahmen der Erf\u00fcllung von Vertr\u00e4gen einschalte (etwa LogistikDienstleister), erhalten diese personenbezogene Daten nur in dem Umfang, in welchem die \u00dcbermittlung f\u00fcr die entsprechende Leistung erforderlich ist.<\/p>\n\n\n\n<p>F\u00fcr den Fall, dass ich bestimmte Teile der Datenverarbeitung auslagere (\u201eAuftragsverarbeitung\u201c), verpflichte ich Auftragsverarbeiter vertraglich dazu, personenbezogene Daten nur im Einklang mit den Anforderungen der Datenschutzgesetze zu verwenden und den Schutz der Rechte der betroffenen Person zu gew\u00e4hrleisten.<\/p>\n\n\n\n<p>Eine Daten\u00fcbertragung an Stellen oder Personen au\u00dferhalb der EU au\u00dferhalb des in dieser Erkl\u00e4rung in Ziffer 4 genannten Falls findet nicht statt und ist nicht geplant.<\/p>\n\n\n\n<h3 class=\"wp-block-heading\">Datenschutzbeauftragter<\/h3>\n\n\n\n<p>Sollten Sie noch Fragen oder Bedenken zum Datenschutz haben, so wenden Sie sich bitte an mich:<\/p>\n\n\n\n<p>Klaas Thomalla<br>Eckbusch 6<br>28790 Schwanewede\/Meyenburg<br>Mail: klaas.thomalla@web.de<\/p>\n\n\n\n<p><\/p>\n","protected":false},"excerpt":{"rendered":"<p>Diese Datenschutzerkl\u00e4rung kl\u00e4rt Nutzer \u00fcber die Art, den Umfang und Zwecke der Erhebung und Verwendung personenbezogener Daten durch den verantwortlichen Anbieter Klaas Thomalla, Eckbusch 6, 28790 Schwanewede\/Meyenburg, Mail: klaas.thomalla@web.de&nbsp;auf dieser Website www.woodnsteel.net (im folgenden \u201cWebsite\u201d) auf. Ich messe dem Datenschutz gro\u00dfe Bedeutung bei. Die Erhebung und Verarbeitung Ihrer personenbezogenen Daten geschieht unter Beachtung der geltenden&hellip;&nbsp;<a href=\"https:\/\/woodnsteel.net\/index.php\/privacy-policy\/\" rel=\"bookmark\">Weiterlesen &raquo;<span class=\"screen-reader-text\">Datenschutzerkl\u00e4rung<\/span><\/a><\/p>\n","protected":false},"author":1,"featured_media":0,"parent":0,"menu_order":0,"comment_status":"closed","ping_status":"open","template":"","meta":{"neve_meta_sidebar":"","neve_meta_container":"","neve_meta_enable_content_width":"","neve_meta_content_width":0,"neve_meta_title_alignment":"","neve_meta_author_avatar":"","neve_post_elements_order":"","neve_meta_disable_header":"","neve_meta_disable_footer":"","neve_meta_disable_title":"","_themeisle_gutenberg_block_has_review":false,"footnotes":""},"class_list":["post-3","page","type-page","status-publish","hentry"],"_links":{"self":[{"href":"https:\/\/woodnsteel.net\/index.php\/wp-json\/wp\/v2\/pages\/3","targetHints":{"allow":["GET"]}}],"collection":[{"href":"https:\/\/woodnsteel.net\/index.php\/wp-json\/wp\/v2\/pages"}],"about":[{"href":"https:\/\/woodnsteel.net\/index.php\/wp-json\/wp\/v2\/types\/page"}],"author":[{"embeddable":true,"href":"https:\/\/woodnsteel.net\/index.php\/wp-json\/wp\/v2\/users\/1"}],"replies":[{"embeddable":true,"href":"https:\/\/woodnsteel.net\/index.php\/wp-json\/wp\/v2\/comments?post=3"}],"version-history":[{"count":1,"href":"https:\/\/woodnsteel.net\/index.php\/wp-json\/wp\/v2\/pages\/3\/revisions"}],"predecessor-version":[{"id":82,"href":"https:\/\/woodnsteel.net\/index.php\/wp-json\/wp\/v2\/pages\/3\/revisions\/82"}],"wp:attachment":[{"href":"https:\/\/woodnsteel.net\/index.php\/wp-json\/wp\/v2\/media?parent=3"}],"curies":[{"name":"wp","href":"https:\/\/api.w.org\/{rel}","templated":true}]}}